{"id":1116,"date":"2011-06-14T18:24:59","date_gmt":"2011-06-14T17:24:59","guid":{"rendered":"http:\/\/www.alleyways.de\/abgeschminkt\/?page_id=1116"},"modified":"2011-12-27T13:15:56","modified_gmt":"2011-12-27T12:15:56","slug":"horrorthriller-gruselschocker","status":"publish","type":"page","link":"https:\/\/www.alleyways.de\/abgeschminkt\/kino-essays\/horrorthriller-gruselschocker\/","title":{"rendered":"Horrorthriller &#8211; Gruselschocker"},"content":{"rendered":"<h5><span style=\"color: #ff0000;\">Die folgenden Gedanken wurden im November 2008 verfasst. Der massentaugliche Horrorthriller hat sich seitdem weiter ver\u00e4ndert. Der Beitrag wurde allerdings nicht \u00fcberarbeitet, oder aktualisiert.<\/span><\/h5>\n<p style=\"padding-left: 30px;\"><em><span style=\"color: #000000;\">&#8222;Neulich im Kino, da \u00fcberfielen mich einige verquere Gedanken, erzwungen durch ein sehr unangenehmes Filmerlebnis. Unangenehm, bezieht sich nicht auf die Qualit\u00e4t des Filmes selbst, sondern meine Empfindungen gegen\u00fcber dem Gesehenen. Welchen Wandel hatte ich mit dem Horror-Genre im Kino selbst erfahren? Und worin resultiert dieser Wandel?&#8220;<\/span><\/em><\/p>\n<p><a rel=\"attachment wp-att-1121\" href=\"https:\/\/www.alleyways.de\/abgeschminkt\/kino-essays\/horrorthriller-gruselschocker\/horrorthriller1\/\"><img loading=\"lazy\" decoding=\"async\" class=\"alignleft size-full wp-image-1121\" title=\"Horrorthriller1\" src=\"https:\/\/www.alleyways.de\/abgeschminkt\/wp-content\/uploads\/Horrorthriller1.jpg\" alt=\"\" width=\"146\" height=\"200\" \/><\/a><span style=\"color: #000000;\">Eine Sneak-Preview, erf\u00fcllt den spannenden Effekt, dass der Zuschauer erst mit dem Beginn des Filmes erf\u00e4hrt, was er denn zu sehen bekommt. Vielerorts werden diese Sneak-Previews w\u00f6chentlich abgehalten, zu einem manchmal hohen Preis. Und dieser Preis ist nicht finanziell gedacht. Es gibt eine Publikumsschicht, die ihr w\u00f6chentliches Kinovergn\u00fcgen auf die Sneak-Preview beschr\u00e4nkt, was einen besonderen Typus von Zuschauer voraussetzt. Dieser Typus tritt stets in Gruppen-St\u00e4rke auf und sieht es als besonderen Spa\u00df und Vorzug bei einer Sneak-Preview an, den Film lauthals zu kommentieren, sollte dieser nicht dem Wohlwollen der Gruppe entsprechen.<\/span><\/p>\n<p><span style=\"color: #000000;\">Mit \u201aThe Strangers\u2018 gab es eine Sneak-Preview, bei dem das sonst gerne fr\u00f6hlich gestimmte Publikum die Stimmb\u00e4nder ruhig hielt, aber den Mund vor Entsetzen weit ge\u00f6ffnet. \u201aThe Strangers\u2018 ist kein sehr guter Film, aber er ist effektiv, zeigt sich originell und befriedigt die niederen Instinkte des Horror-Liebhabers.<\/span><\/p>\n<p><a rel=\"attachment wp-att-1122\" href=\"https:\/\/www.alleyways.de\/abgeschminkt\/kino-essays\/horrorthriller-gruselschocker\/plakat_din-a3_11\/\"><span style=\"color: #000000;\"><img loading=\"lazy\" decoding=\"async\" class=\"alignright size-full wp-image-1122\" title=\"Horrorthriller-2\" src=\"https:\/\/www.alleyways.de\/abgeschminkt\/wp-content\/uploads\/Horrorthriller2.jpg\" alt=\"\" width=\"155\" height=\"200\" \/><\/span><\/a><span style=\"color: #000000;\">Aber \u201aThe Strangers\u2018 ist einer von zwei Filmen in diesem Jahr, die nicht nur auf das Genre-Publikum fixiert sind. Mit einem ihrer eiskalten H\u00e4ndchen, grapschen sie nach dem Arthouse-Zuschauer. Arthouse ist ja jetzt so ein Begriff, mit dem man noch vor sehr kurzer Zeit die Programmkinos gemeint hat. Und der Besucher des Programmkinos gibt sich ja sehr gerne intellektuell elit\u00e4r. Nach au\u00dfen hin. Da stolpert der Cineast gerne \u00fcber den \u00d6sterreicher Michael Haneke, der gerne mal schwere Kost wie \u201a71 Fragmente einer Chronologie des Zufalls\u2018, \u201aDie Klavierspielerin\u2018, oder auch \u201aCache\u2018 fabriziert. Michael Haneke machte 1997 den gar nicht so lustigen \u201aFunny Games\u2018 und vertrieb damit sogar das Premieren-Publikum noch bevor der Film zu Ende war. Welchen auf das Mark schlagenden Eindruck \u201aFunny Games\u2018 gemacht haben muss, ist daran zu sehen, das die Amerikaner nicht einfach nur ein Remake davon machten. Michael Haneke sollte seinen Film von 1997 Bild f\u00fcr Bild wiederholen. Sogar der Grundriss und die Gr\u00f6\u00dfe des Tatort-Hauses wurden exakt kopiert.<\/span><\/p>\n<p><span style=\"color: #000000;\">\u201aFunny Games U.S.\u2018 und \u201aThe Strangers\u2018 sind Filme die es sicherlich schon des \u00d6fteren gegeben hat. Da ist eben nichts Neues im Filmgesch\u00e4ft, aber man muss dann eher im Genre-Bereich suchen, wenn es um vergleichbares geht. Das Kino hat sich in den letzten zehn Jahren soweit entwickelt, das mittlerweile alle Tabu-Grenzen niedergerissen sind. Im Remake von \u201aDawn oft he Dead\u2018 durfte man sich an einem Baby vertun, und von den menschenverachtenden Exzessen eines Eli Roth mit \u201aHostel\u2018 soll hier erst gar nicht die Rede sein. Solche Filme werden nicht mehr in schmuddeligen Bahnhofkinos gezeigt und im Trenchcoat unter der Ladentheke auch nicht gehandelt.<\/span><\/p>\n<p><span style=\"color: #000000;\">Schon Anfang der Neunzehnhundertsiebziger hat bevorzugt Italien die Anh\u00e4nger von Sch\u00e4delspalterei und Ged\u00e4rmverlust mit ausreichend Material versorgt. Und das Genre mit seinem Publikum durfte bis dato als klein und berechenbar eingestuft werden. Niemand nahm an gewaltverherrlichenden Filmen Ansto\u00df. 1980 r\u00fcckte mit der Verhaftung des Regisseurs Ruggero Deodato der Film \u201aCannibal Holocaust\u2018 ins Licht der Projektionslampen. Deodato wurde wegen Mordes angeklagt, weil jeder das auf dokumentarisch getrimmte Filmmaterial f\u00fcr echt hielt. Deodato musste seine Darsteller vor Gericht pr\u00e4sentieren, damit die Anklage fallen gelassen wurde. Dies reichte bei weitem nicht aus, denn der Fall hatte \u201aCannibal Holocaust\u2018 zeitgleich ordentlich Kasse beschert. Die sonst auf Action und Schnulzen abonnierte und sehr schockierte \u00d6ffentlichkeit glaubte nicht so recht an irgendwelche Freispr\u00fcche und so mussten die gesunden \u201aCannibal\u2018 Darsteller noch einmal in einer Fernsehsendung gezeigt werden. Von hier an verschwanden exzessive Horror-Filme wieder in den Niederungen und zeigten sich nur sehr selten, und wenn, nur ungern einem allgemeinen Publikum.<\/span><\/p>\n<p><span style=\"color: #000000;\">Der Trend des immer weiter abstumpfenden Kinog\u00e4ngers h\u00e4lt an. Gerade die Horror-Fraktion jagt sich gegenseitig von einer perfiden Sensation zur n\u00e4chsten. Und sie k\u00f6nnen sich eigentlich mit nichts mehr \u00fcberbieten. Die Neuauflage des \u201aTexas Chainsaw Massacre\u2018 versucht es sogar mit dem besonderen Kick von \u201aNach einer wahren Begebenheit\u2018. Das wusste Tobe Hooper auch schon als er 1974 das originale Blutgericht servierte, aber da waren solche Lockmittel noch nicht von N\u00f6ten. Vielleicht war es abzusehen, aber nur vielleicht, das weniger Blut manchmal mehr sein k\u00f6nnte. Selbst die findigsten Analytiker der Branche zerbrachen sich dar\u00fcber nicht den Kopf, oder die Sch\u00e4deldecke. Warum auch, die \u201aSaw\u2018-Serie zum Beispiel muss sich nicht von Fortsetzung zu Fortsetzung toppen, die Zeiten scheinen vorbei. Man kann ohne \u00dcbertreibung sagen, dass wir in einer Zeit der Stagnation angekommen sind, weil dem bereitwilligen Massenpublikum schon alles gezeigt wurde. Hauptsache es werden auf Gebein und Ged\u00e4rm sehr h\u00e4ssliche Dinge mit Menschen geschehen.<\/span><\/p>\n<p><span style=\"color: #000000;\">Michael Haneke drehte \u201aFunny Games\u2018 nicht, um das Sub-Genre zu f\u00fcttern. Ihm lag auch nicht am Wohle des d\u00fcrstenden Untergrundes, den es nach wie vor gibt, aber l\u00e4ngst auch den Massengeschmack getroffen hat. \u201aFunny Games\u2018 ist eine Geschichte von der man immer in der Zeitung liest und sich nicht weiter Gedanken dar\u00fcber macht. Und es ist eine Geschichte, die man schon sehr oft im Kino gesehen hat und zur Freude der Voyeure immer ein ungesundes, gutes Ende nahm. \u201aFunny Games\u2018 hat kein gutes Ende. Und Bryan Bertinos \u201aStrangers\u2018 hat zwar ein extrem verungl\u00fccktes Schlussbild, ist aber alles andere als an Vers\u00f6hnung mit dem Zuschauer interessiert. In erster Linie \u00fcberzeugen beide Filme mit einer sehr realistischen Alltagsbeschreibung. Darstellung und Dialog sind darauf ausgelegt, eine sehr vertraute Situation herzustellen und den Zuschauer in eine Welt zu f\u00fchren die ihm nur all zu bekannt ist.<\/span><\/p>\n<p><span style=\"color: #000000;\">Und dann bricht der nackte Terror \u00fcber eine gewohnte Szenerie herein. Kein Splatter und keine Katze die einem schreiend entgegen springt, wenn man die Schrankt\u00fcr \u00f6ffnet. In \u201aFunny Games U.S.\u2018, eben wie im eins-zu-eins Original, l\u00e4sst Haneke die Gewalt- und Blutszenen immer au\u00dferhalb des Bildes geschehen. Der wirkliche Horror entsteht durch die wohlerzogene Sprache und das freundliche Benehmen der als \u201adas B\u00f6se\u2018 auftretenden Protagonisten, deren liebensw\u00fcrdigen Verhalten man sich Anfangs einfach nicht entziehen kann. Die Radikalit\u00e4t mit der Haneke die unbedarfte Familie dezimieren l\u00e4sst, ist verst\u00f6rend, b\u00f6sartig und an Brutalit\u00e4t nicht zu \u00fcbertreffen. Und Radikalit\u00e4t ist der Zustand, der bei \u201aFunny Games\u2018 die Schirmherrschaft \u00fcbernommen hat. Keine Handlung, keine Wendungen, keine Hoffnung. Der blanke Terror, der die vertraute Alltagssituation sprengt. Schlie\u00dflich fordert eine zehnmin\u00fctige Einstellung die volle Belastbarkeit des Zuschauers.<\/span><\/p>\n<p><span style=\"color: #000000;\">Wie schon angedeutet, ist \u201aThe Strangers\u2018 eigentlich kein wirklich guter Film. Da ist das Klischee des in der Einsamkeit stehenden Wochenendhauses und der in Personalunion als Autor und Regisseur fungierende Bertino versucht noch die Ursache f\u00fcr das pure Entsetzen dem abgewiesenen Freund des M\u00e4dchens in die Schuhe zu schieben. Doch die Situation als solches, fesselt, oder \u00e4ngstigt das Publikum auf einer ganz anderen Ebene. Die T\u00e4ter spielen. Katz und Maus \u00e4hnlich qu\u00e4len sie ihre ausgesuchten Opfer, geben ihnen immer wieder das Gef\u00fchl entkommen zu sein. Dazu geh\u00f6ren der Verzicht auf Blutfont\u00e4nen und der Einsatz von Werkzeugen, die weh tun k\u00f6nnten. Schlimmer noch, das Trio des Terrors testet nicht den Zustand ihrer Opfer aus, sondern reizt die eigenen Grenzen aus, bis wohin sie die Oberhand behalten k\u00f6nnen.<\/span><\/p>\n<p><a rel=\"attachment wp-att-1118\" href=\"https:\/\/www.alleyways.de\/abgeschminkt\/kino-essays\/horrorthriller-gruselschocker\/the-strangers-starring-liv-tyler-scott-speedman\/\"><span style=\"color: #000000;\"><img loading=\"lazy\" decoding=\"async\" class=\"aligncenter size-full wp-image-1118\" title=\"The Strangers. Starring Liv Tyler, Scott Speedman.\" src=\"https:\/\/www.alleyways.de\/abgeschminkt\/wp-content\/uploads\/Horrorthriller3.jpg\" alt=\"\" width=\"500\" height=\"188\" srcset=\"https:\/\/www.alleyways.de\/abgeschminkt\/wp-content\/uploads\/Horrorthriller3.jpg 500w, https:\/\/www.alleyways.de\/abgeschminkt\/wp-content\/uploads\/Horrorthriller3-200x75.jpg 200w, https:\/\/www.alleyways.de\/abgeschminkt\/wp-content\/uploads\/Horrorthriller3-300x112.jpg 300w\" sizes=\"auto, (max-width: 500px) 100vw, 500px\" \/><\/span><\/a><span style=\"color: #000000;\">Die angespannteste, aber auch hilfloseste Situation entsteht bei beiden Filmen durch das Vorausdenken des Zuschauers, wie sich die grauenhafte Misere endlich zu einem Schlachtfest des Guten wenden wird. Die Hoffnung stirbt bekanntlich zuletzt. Und sie stirbt. Ohne Hoffnung, ohne Konsequenz, ohne R\u00fccksicht. Der unverhoffte Sieg des B\u00f6sen wird nicht mal als Triumph gezeigt. Die Katzen setzten sich einfach an das n\u00e4chste Mausloch, und warten, regungs- und gef\u00fchllos.<\/span><\/p>\n<p style=\"padding-left: 30px;\"><em><span style=\"color: #000000;\">&#8222;Was ich erlebt habe, war kein ablenkendes, kein vergn\u00fcgliches Kinoerlebnis. In beiden F\u00e4llen war es nachhaltig und wieder eine Best\u00e4tigung der alten Hitchcock-Regel, das die Phantasie viel grausamer ist, als das was man zeigen kann. Vielleicht ist der Trend noch nicht wirklich angekommen, aber er h\u00e4tte eine gute Chance. Mit ein wenig gesundem Menschenverstand, gelange ich hier schnell zur Erkenntnis, das die Macher vielleicht ihre Kunst verstehen, aber ich im Unterhaltungskino doch nicht derartig durch die emotionale Mangel gedreht werden m\u00f6chte.&#8220;<\/span><\/em><\/p>\n<p><span style=\"color: #000000;\">Horror- und Splatterfilme erreichen mittlerweile eine allgemeine Akzeptanz, welche sie quasi salonf\u00e4hig gemacht hat. Die Variationsm\u00f6glichkeiten von gejagten Teenagern, Zerst\u00fcckelungswerkzeugen und scheinbar ausweglosen Tatorten sind aber fast schon ausgereizt. Die Auswahl der noch einer Neuauflage zuzuf\u00fchrenden 70er Jahre Horrorfilme wird langsam ebenso gering. Das Austesten von Tabugrenzen und seelischen Belastbarkeiten ist schon lange abgeschlossen. Die Aussichten auf neue Trends sind fast schon zwangsl\u00e4ufig. Blut ist lange nicht mehr so attraktiv und deformierte K\u00f6rperteile haben an Reizen eingeb\u00fc\u00dft. Der Weg, den \u201aFunny Games\u2018 und \u201aStrangers\u2018 geht, ist eine zutiefst verst\u00f6rende M\u00f6glichkeit. Sie werden zum \u00c4quivalent des Gruselfilmes der 50er und 60er Jahre, als Furcht noch \u00fcber Toneffekte erzeugt wurde.<\/span><\/p>\n<p><span style=\"color: #000000;\">Doch was Haneke und Bertino einfach weg lassen, ist der Faktor des \u00dcbersinnlichen, und die Aufl\u00f6sung durch Gerechtigkeit. Alles ist reduziert auf die Essenz einer eskalierenden Realit\u00e4t. Der unterhaltsame Aspekt sich zu gruseln ist von Beiden ausgel\u00f6scht. Die Freude, das Wei\u00dfe an den Fingerkn\u00f6cheln am Kinositz hervortreten zu lassen wird gegen wirkliches Entsetzen ausgetauscht. Solche Filme sind so alt, wie der Horrorfilm selbst. Man hat diese nur nie richtig wahrgenommen und bis vor wenigen Jahren w\u00e4ren sie niemals massenkompatibel geworden. Es herrscht ein Unterschied zwischen den Attributen schockierend und unangenehm. Bei \u201aFunny Games\u2018 war das Publikum 1997 schockiert. \u201aFunny Games U.S.\u2018 hingegen ber\u00fchrte den Zuschauer nur unangenehm.<\/span><\/p>\n<p><a rel=\"attachment wp-att-1117\" href=\"https:\/\/www.alleyways.de\/abgeschminkt\/kino-essays\/horrorthriller-gruselschocker\/horrorthriller4\/\"><span style=\"color: #000000;\"><img loading=\"lazy\" decoding=\"async\" class=\"aligncenter size-full wp-image-1117\" title=\"Horrorthriller4\" src=\"https:\/\/www.alleyways.de\/abgeschminkt\/wp-content\/uploads\/Horrorthriller4.jpg\" alt=\"\" width=\"500\" height=\"154\" srcset=\"https:\/\/www.alleyways.de\/abgeschminkt\/wp-content\/uploads\/Horrorthriller4.jpg 500w, https:\/\/www.alleyways.de\/abgeschminkt\/wp-content\/uploads\/Horrorthriller4-200x61.jpg 200w, https:\/\/www.alleyways.de\/abgeschminkt\/wp-content\/uploads\/Horrorthriller4-300x92.jpg 300w\" sizes=\"auto, (max-width: 500px) 100vw, 500px\" \/><\/span><\/a><span style=\"color: #000000;\">Das dieses unangenehme Gef\u00fchl bei vielen vielleicht nur verdr\u00e4ngte Panik ist, m\u00f6chte man nicht unbedingt wahrhaben. Abgeschlagene K\u00f6pfe sollten eigentlich Spa\u00df machen. Den\u00a0 Zustand unserer Gesellschaft zu reflektieren, haben Filme gerade im massentauglichen Kino schon seit l\u00e4ngerem hinter sich gelassen.<\/span><\/p>\n<p style=\"text-align: center;\"><span style=\"color: #000000;\">\u201eWarum tun Sie uns das an?\u201c<\/span><\/p>\n<p style=\"text-align: center;\"><span style=\"color: #000000;\">\u201eWeil Sie gerade zuhause waren.\u201c<\/span><\/p>\n","protected":false},"excerpt":{"rendered":"<p>Die folgenden Gedanken wurden im November 2008 verfasst. Der massentaugliche Horrorthriller hat sich seitdem weiter ver\u00e4ndert. Der Beitrag wurde allerdings nicht \u00fcberarbeitet, oder aktualisiert. &#8222;Neulich im Kino, da \u00fcberfielen mich einige verquere Gedanken, erzwungen durch ein sehr unangenehmes Filmerlebnis. Unangenehm, &hellip; <a href=\"https:\/\/www.alleyways.de\/abgeschminkt\/kino-essays\/horrorthriller-gruselschocker\/\">Weiterlesen <span class=\"meta-nav\">&rarr;<\/span><\/a><\/p>\n","protected":false},"author":1,"featured_media":0,"parent":1081,"menu_order":8,"comment_status":"open","ping_status":"closed","template":"","meta":{"footnotes":""},"class_list":["post-1116","page","type-page","status-publish","hentry"],"_links":{"self":[{"href":"https:\/\/www.alleyways.de\/abgeschminkt\/wp-json\/wp\/v2\/pages\/1116","targetHints":{"allow":["GET"]}}],"collection":[{"href":"https:\/\/www.alleyways.de\/abgeschminkt\/wp-json\/wp\/v2\/pages"}],"about":[{"href":"https:\/\/www.alleyways.de\/abgeschminkt\/wp-json\/wp\/v2\/types\/page"}],"author":[{"embeddable":true,"href":"https:\/\/www.alleyways.de\/abgeschminkt\/wp-json\/wp\/v2\/users\/1"}],"replies":[{"embeddable":true,"href":"https:\/\/www.alleyways.de\/abgeschminkt\/wp-json\/wp\/v2\/comments?post=1116"}],"version-history":[{"count":9,"href":"https:\/\/www.alleyways.de\/abgeschminkt\/wp-json\/wp\/v2\/pages\/1116\/revisions"}],"predecessor-version":[{"id":2203,"href":"https:\/\/www.alleyways.de\/abgeschminkt\/wp-json\/wp\/v2\/pages\/1116\/revisions\/2203"}],"up":[{"embeddable":true,"href":"https:\/\/www.alleyways.de\/abgeschminkt\/wp-json\/wp\/v2\/pages\/1081"}],"wp:attachment":[{"href":"https:\/\/www.alleyways.de\/abgeschminkt\/wp-json\/wp\/v2\/media?parent=1116"}],"curies":[{"name":"wp","href":"https:\/\/api.w.org\/{rel}","templated":true}]}}