{"id":1954,"date":"2011-11-29T09:31:54","date_gmt":"2011-11-29T08:31:54","guid":{"rendered":"http:\/\/www.alleyways.de\/abgeschminkt\/?page_id=1954"},"modified":"2011-11-29T09:44:04","modified_gmt":"2011-11-29T08:44:04","slug":"natalie-wood-vermisst","status":"publish","type":"page","link":"https:\/\/www.alleyways.de\/abgeschminkt\/kino-menschen\/natalie-wood-vermisst\/","title":{"rendered":"Natalie Wood &#8211; Vermisst"},"content":{"rendered":"<p><a rel=\"attachment wp-att-1955\" href=\"https:\/\/www.alleyways.de\/abgeschminkt\/kino-menschen\/natalie-wood-vermisst\/natalie-wood-1\/\"><img loading=\"lazy\" decoding=\"async\" class=\"aligncenter size-full wp-image-1955\" title=\"Natalie-Wood-1\" src=\"https:\/\/www.alleyways.de\/abgeschminkt\/wp-content\/uploads\/Natalie-Wood-1.jpg\" alt=\"\" width=\"550\" height=\"125\" \/><\/a><span style=\"color: #000000;\">Vor drei\u00dfig Jahren, am 29. November 1981, verstarb Natalia Nikolaiewna Gurdin durch einen tragischen Unfall. Wenn es denn wirklich ein Unfall war. Mit nur 43 Jahren war es einem strahlenden Stern am Firmament nicht verg\u00f6nnt, seine endg\u00fcltige Leuchtkraft zu entfalten. Natalia Nikolaiewna Gurdin war unter ihrem K\u00fcnstlernamen Natalie Wood sehr schnell eine willkommene Gr\u00f6\u00dfe bei Produzenten und unter Filmfreaks ein begehrtes Ph\u00e4nomen geworden. Auch wenn sie die Maria in \u201eWest Side Story\u201c nicht selbst singen durfte, machte sie das Musical zu ihrem ganz pers\u00f6nlichen Erfolg.<\/span><\/p>\n<p><span style=\"color: #000000;\">Natalie Wood befand sich in der Nacht des 29. November 1981 auf der Yacht Splendour, wo sie von Bord ging und ertrank. Warum eine Frau, die schlecht schwimmen konnte und noch dazu Angst vor Wasser hatte, in der Nacht ein Beiboot besteigen sollte, um an Land zu gelangen, bewegt noch immer die Legendendichter. Und daran erfreuen sich nat\u00fcrlich die Leidens-Parasiten. Denn zwei Wochen vor dem drei\u00dfigsten Todestag von Natalie Wood wurde der Fall wieder ge\u00f6ffnet und neue Untersuchungen eingeleitet.<\/span><\/p>\n<p><a rel=\"attachment wp-att-1958\" href=\"https:\/\/www.alleyways.de\/abgeschminkt\/kino-menschen\/natalie-wood-vermisst\/natalie-wood-2\/\"><span style=\"color: #000000;\"><img loading=\"lazy\" decoding=\"async\" class=\"aligncenter size-full wp-image-1958\" title=\"Natalie-Wood-2\" src=\"https:\/\/www.alleyways.de\/abgeschminkt\/wp-content\/uploads\/Natalie-Wood-2.jpg\" alt=\"\" width=\"550\" height=\"347\" \/><\/span><\/a><span style=\"color: #000000;\">Viele als spekulativ und mysteri\u00f6s interpretierte Ereignisse in dieser tragischen Nacht wurden selbst von Robert Wagner in seinen polizeilichen Aussagen und sp\u00e4ter in vielen Presse-Erkl\u00e4rungen als Fakten klargestellt. In einer Drehpause zu dem Film \u201eBrainstorm\u201c begleitet der damals aufstrebende Schauspieler Christopher Walken das bereits zum zweiten Mal verheiratete Paar Natalie Wood und Robert Wagner auf ihre Yacht Splendour. Die Reise geht Richtung Catalina, eine Insel vor Los Angeles. Die drei sind mit Ausnahme des Captains allein an Bord, und am Abend wird ordentlich getrunken. Selbst der Yacht-Captain Dennis Davern gab an, sich selbst einiges an Alkohol geg\u00f6nnt zu haben.<\/span><\/p>\n<p><span style=\"color: #000000;\">Im Verlauf des Abends bricht der notorisch eifers\u00fcchtige Wagner im Suff mit Walken einen Streit vom Zaun, der darauf hinausl\u00e4uft, ob dieser denn vorhabe, mit Natalie ins Bett zu gehen. Entgeistert geht Walken daraufhin tats\u00e4chlich ins Bett, aber allein. Der Streit zwischen Wagner und Wood geht weiter, bis irgendwann vermeintliche Stille herrscht. Diese Stille wird erst wieder gebrochen, als Wood um Hilfe ruft, sie w\u00fcrde ertrinken. Die mit ihrem Freund in der N\u00e4he ankernde Marilyn Wayne h\u00f6rt die Schreie, ihr Freund sucht vergeblich mit dem Suchscheinwerfer. Eine Benachrichtigung der K\u00fcstenwache bleibt ebenso erfolglos, weil niemand antwortet. Wayne und ihr Freunde h\u00f6ren die Frau noch mehrmals nach Hilfe rufen, h\u00f6ren aber auch eine M\u00e4nnerstimme, welche beschwichtigend zur\u00fcckruft, sie w\u00fcrden kommen und ihr helfen.<\/span><\/p>\n<p><span style=\"color: #000000;\">An Bord der Splendour versucht Captain Davern Wagner davon zu \u00fcberzeugen, selbst die K\u00fcstenwache zu rufen, weil sie Wood in der Dunkelheit nicht ausmachen k\u00f6nnen. Das Beiboot fehlt, und Wagner weist seinen Captain an, einfach abzuwarten, bis Wood wieder zur\u00fcckkommt. Christopher Walken verschl\u00e4ft die Trag\u00f6die, bis am folgenden Morgen die ertrunkene Natalie Wood im Wasser gefunden wird.<\/span><\/p>\n<p><span style=\"color: #000000;\">Die Geschichte, die von vielen Seiten mit vielen kleinen Variationen erz\u00e4hlt wird, l\u00e4dt nat\u00fcrlich zu Spekulationen ein. So will sich niemand wirklich darauf einlassen, dass mit Alkohol im Spiel viele Begebenheiten manchmal irreale Aktionen nach sich ziehen. Denn die Ereignisse um jene Nacht k\u00f6nnten tats\u00e4chlich so einfach zu erkl\u00e4ren sein, wenngleich es sie nicht weniger tragisch macht. Der Alkohol birgt eben seine T\u00fccken.<\/span><\/p>\n<p><span style=\"color: #000000;\">43 Jahre wurde Natalie Wood alt. In den siebziger Jahren hatte sie sich auf der Leinwand rar gemacht, um sich auf ihre Kinder konzentrieren zu k\u00f6nnen. Und wenn man etwas zu sehen bekam, waren es wirklich keine herausragenden Kinoerlebnisse. Mit \u201eBrainstorm\u201c wurde sie schlie\u00dflich zu einer Wiederentdeckung f\u00fcr eine mittlerweile neue Generation von Kinog\u00e4ngern. Denn es gab tats\u00e4chlich noch diese Zeit, wo man weit von dem Wahnsinn entfernt war, eine vierzigj\u00e4hrige Hauptrolle als Zumutung f\u00fcr einen achtzehnj\u00e4hrigen Kinobesucher zu betrachten. Und Natalie Wood h\u00e4tte dem Kino der Achtziger sicherlich sehr gut getan.<\/span><\/p>\n<div id=\"attachment_1959\" style=\"width: 560px\" class=\"wp-caption aligncenter\"><a rel=\"attachment wp-att-1959\" href=\"https:\/\/www.alleyways.de\/abgeschminkt\/kino-menschen\/natalie-wood-vermisst\/natalie-wood-3\/\"><span style=\"color: #000000;\"><img loading=\"lazy\" decoding=\"async\" aria-describedby=\"caption-attachment-1959\" class=\"size-full wp-image-1959\" title=\"Natalie-Wood-3\" src=\"https:\/\/www.alleyways.de\/abgeschminkt\/wp-content\/uploads\/Natalie-Wood-3-e1322555688413.jpg\" alt=\"\" width=\"550\" height=\"354\" \/><\/span><\/a><p id=\"caption-attachment-1959\" class=\"wp-caption-text\">Natalie mit Walken und Regisseur Douglas Trumbull bei &quot;Brainstorm&quot;<\/p><\/div>\n<p style=\"text-align: left;\"><span style=\"color: #000000;\">\u201eBrainstorm\u201c hatte nicht den Erfolg, den er verdient h\u00e4tte, zumindest was seine cineastischen Leistungen betraf. Doch das Jahrzehnt des Videorekorders war angebrochen, und wer den Film nur im Heimkino sah, konnte seine Reichweite gar nicht erfassen. So ist es nun einfach \u201eder Film\u201c geworden, \u201ein dem Natalie Wood ihre letzte Rolle spielte\u201c. Aber genau so sollte man eine Pers\u00f6nlichkeit wie diese in Erinnerung behalten, durch ihre vielen guten, manchmal aber auch sehr schlechten Rollen. Und nicht als tragische Figur, an deren Leid man sich g\u00fctlich tun kann.<\/span><\/p>\n<p><a rel=\"attachment wp-att-1961\" href=\"https:\/\/www.alleyways.de\/abgeschminkt\/kino-menschen\/natalie-wood-vermisst\/natalie-wood-4\/\"><span style=\"color: #000000;\"><img loading=\"lazy\" decoding=\"async\" class=\"size-full wp-image-1961 alignleft\" title=\"Natalie-Wood-4\" src=\"https:\/\/www.alleyways.de\/abgeschminkt\/wp-content\/uploads\/Natalie-Wood-4.jpg\" alt=\"\" width=\"300\" height=\"225\" \/><\/span><\/a><span style=\"color: #000000;\">Der Fall Natalie Wood wurde zwei Wochen vor ihrem drei\u00dfigsten Todestag neu aufgerollt. Was f\u00fcr ein Zufall, denn es gibt neue Erkenntnisse und Aussagen, so die Staatsanwaltschaft, die das erneute \u00d6ffnen der Akten rechtfertigen w\u00fcrden. Man sollte nichts B\u00f6ses dabei denken, nur weil so ein \u201eJubil\u00e4ums-Todestag\u201c einfach noch einmal besser fokussiert. Dennis Davern, der Captain der Yacht Splendour, behauptet, die Polizei belogen zu haben, Robert Wagner trage eben doch Schuld am Tod von Natalie. M\u00f6gen seine Absichten noch so ehrenwert sein, der Zeitpunkt l\u00e4dt zur Spekulation. Es ist n\u00e4mlich auch derselbe Captain, der vor zwei Jahren mit einem Co-Autor in dem Buch \u201eGoodbye Natalie, Goodbye Splendour\u201c die Ereignisse der besagten Nacht schilderte. Genauso wie der eigenartige Zufall, dass die BluRay-Edition der \u201eWest Side Story\u201c gerade eben erschienen ist. Da tun ein paar unsch\u00f6ne Schlagzeilen \u00fcber Robert Wagner mehr als teuer geschaltete Werbeanzeigen. Und das so kurz vor der besinnlichen Weihnachtszeit.<\/span><\/p>\n<p><span style=\"color: #000000;\">Man k\u00f6nnte sich in dieser besinnlichen Zeit vielleicht einmal mehr auf das Fernsehprogramm konzentrieren. Irgendwo spielt vielleicht \u201eDas Wunder von Manhattan\u201c, wo nicht die Geschichte \u00fcberzeugte, sondern ein kleines M\u00e4dchen mit riesigen, strahlenden Augen. Vielleicht stolpert man auch einmal \u00fcber \u201eFeuer im Blut\u201c, der Elia-Kazan-Klassiker mit Warren Beatty. Oder \u201eDieses M\u00e4dchen ist f\u00fcr alle\u201c, wo Natalie neben Robert Redford brillierte. Ganz bestimmt findet sich aber irgendwo die \u201eWest Side Story\u201c, wo sie allerdings nicht selber singen durfte. Das konnte sie erst ein Jahr sp\u00e4ter in \u201eGypsy\u201c, wo die Frage gestattet sein muss, ob dies wirklich notwendig war.<\/span><\/p>\n<p><span style=\"color: #000000;\">Sie hatte ihre Auf und Abs in der Karriere, drei Hochzeiten, zwei davon mit Robert Wagner, einen Selbstmordversuch und zwei bezaubernde Kinder. Sie war sehr oft f\u00fcr Preise nominiert, gewann aber sehr selten. Daf\u00fcr bekam sie 1961 und 1966 bei den \u201eGolden Apple Awards\u201c den \u201eSauren Apfel\u201c, der vom \u201eHollywood Womens Press Club\u201c f\u00fcr die unkooperativsten Schauspieler v<\/span><a rel=\"attachment wp-att-1962\" href=\"https:\/\/www.alleyways.de\/abgeschminkt\/kino-menschen\/natalie-wood-vermisst\/natalie-wood-5\/\"><span style=\"color: #000000;\"><img loading=\"lazy\" decoding=\"async\" class=\"alignleft size-full wp-image-1962\" title=\"Natalie-Wood-5\" src=\"https:\/\/www.alleyways.de\/abgeschminkt\/wp-content\/uploads\/Natalie-Wood-5.jpg\" alt=\"\" width=\"300\" height=\"363\" \/><\/span><\/a><span style=\"color: #000000;\">ergeben wurde. Sieht man in ihre Biografie, lassen sich leicht Erkl\u00e4rungen finden. 1960 sah es so aus, als w\u00fcrde ihre Karriere beendet sein. 1965 waren die Trennung von Warren Beatty und der Versuch, sich das Leben zu nehmen. Ist man an solchen Punkten im Leben nicht verst\u00e4ndlicherweise etwas unkooperativer gegen\u00fcber der Presse? Abschnitte im Leben, die aus einem leuchtenden Stern einen verletzlichen Menschen machen. Und auch an so etwas sollte man sich erinnern. Und nicht an eigenartig motivierte Schuldzuweisungen.<\/span><\/p>\n<p>&nbsp;<\/p>\n<h5>Bildquellen: Bild an Bord der Splendour von <strong>Steve Shapiro von Scopefeatures.com<\/strong>, Brainstorm Dreharbeiten von <strong>acertaincinema.com<\/strong>, andere Bilder von <strong>Blog-Seiten<\/strong> ohne Quellenangaben.<\/h5>\n","protected":false},"excerpt":{"rendered":"<p>Vor drei\u00dfig Jahren, am 29. November 1981, verstarb Natalia Nikolaiewna Gurdin durch einen tragischen Unfall. Wenn es denn wirklich ein Unfall war. Mit nur 43 Jahren war es einem strahlenden Stern am Firmament nicht verg\u00f6nnt, seine endg\u00fcltige Leuchtkraft zu entfalten. &hellip; <a href=\"https:\/\/www.alleyways.de\/abgeschminkt\/kino-menschen\/natalie-wood-vermisst\/\">Weiterlesen <span class=\"meta-nav\">&rarr;<\/span><\/a><\/p>\n","protected":false},"author":1,"featured_media":0,"parent":536,"menu_order":6,"comment_status":"open","ping_status":"open","template":"","meta":{"footnotes":""},"class_list":["post-1954","page","type-page","status-publish","hentry"],"_links":{"self":[{"href":"https:\/\/www.alleyways.de\/abgeschminkt\/wp-json\/wp\/v2\/pages\/1954","targetHints":{"allow":["GET"]}}],"collection":[{"href":"https:\/\/www.alleyways.de\/abgeschminkt\/wp-json\/wp\/v2\/pages"}],"about":[{"href":"https:\/\/www.alleyways.de\/abgeschminkt\/wp-json\/wp\/v2\/types\/page"}],"author":[{"embeddable":true,"href":"https:\/\/www.alleyways.de\/abgeschminkt\/wp-json\/wp\/v2\/users\/1"}],"replies":[{"embeddable":true,"href":"https:\/\/www.alleyways.de\/abgeschminkt\/wp-json\/wp\/v2\/comments?post=1954"}],"version-history":[{"count":7,"href":"https:\/\/www.alleyways.de\/abgeschminkt\/wp-json\/wp\/v2\/pages\/1954\/revisions"}],"predecessor-version":[{"id":1966,"href":"https:\/\/www.alleyways.de\/abgeschminkt\/wp-json\/wp\/v2\/pages\/1954\/revisions\/1966"}],"up":[{"embeddable":true,"href":"https:\/\/www.alleyways.de\/abgeschminkt\/wp-json\/wp\/v2\/pages\/536"}],"wp:attachment":[{"href":"https:\/\/www.alleyways.de\/abgeschminkt\/wp-json\/wp\/v2\/media?parent=1954"}],"curies":[{"name":"wp","href":"https:\/\/api.w.org\/{rel}","templated":true}]}}