{"id":2188,"date":"2011-12-27T13:12:13","date_gmt":"2011-12-27T12:12:13","guid":{"rendered":"http:\/\/www.alleyways.de\/abgeschminkt\/?page_id=2188"},"modified":"2011-12-27T13:16:14","modified_gmt":"2011-12-27T12:16:14","slug":"brittany-murphy-drew-barrymore","status":"publish","type":"page","link":"https:\/\/www.alleyways.de\/abgeschminkt\/kino-essays\/brittany-murphy-drew-barrymore\/","title":{"rendered":"Brittany, Drew und der Rest"},"content":{"rendered":"<h3><strong><a rel=\"attachment wp-att-731\" href=\"https:\/\/www.alleyways.de\/abgeschminkt\/kino-menschen\/brittany-drew-1\/\"><img loading=\"lazy\" decoding=\"async\" class=\"alignleft\" title=\"Brittany-Drew-1\" src=\"https:\/\/www.alleyways.de\/abgeschminkt\/wp-content\/uploads\/Brittany-Drew-1.jpg\" alt=\"\" width=\"141\" height=\"200\" \/><\/a><\/strong><\/h3>\n<p><span style=\"color: #000000;\">Der   Vorteil des Bezahl-Fernsehens ist das Stolpern \u00fcber Filmperlen wie ER   STEHT EINFACH NICHT AUF DICH. Das Auffallendste an dieser   Beziehungskom\u00f6die war, dass drei der vier durchaus attraktiven   Darstellerinnen die gleiche Frisur trugen. Fettig wirkende Spaghetti,   die ungeliebt bis \u00fcber die Schulter hingen.<\/span><\/p>\n<p><span style=\"color: #000000;\">Jemand,   der selber gegen nicht aufzuhaltenden Haarausfall k\u00e4mpft, sollte so   etwas nicht sagen, aber sie h\u00e4tten besser aussehen k\u00f6nnen. Die   Darstellerinnen waren Jennifer Aniston, Jennifer Connelly und Drew   Barrymore. Letzterer ist es zu verdanken, dass meine Gedanken w\u00e4hrend   des Films von den uns\u00e4glichen Frisuren auf etwas anderes gelenkt wurden.<\/span><\/p>\n<p><span style=\"color: #000000;\"><img decoding=\"async\" title=\"Weiterlesen...\" src=\"https:\/\/www.alleyways.de\/abgeschminkt\/wp-includes\/js\/tinymce\/plugins\/wordpress\/img\/trans.gif\" alt=\"\" \/>Denn   da war Drew Barrymore, die zwar in anderen Filmen schon wesentlich   besser von den Makeup-K\u00fcnstlern behandelt wurde, aber dennoch in ihrer   weiblichen Attraktivit\u00e4t erstrahlte. Drew Barrymore, die kleine Gertie.<\/span><\/p>\n<p><span style=\"color: #000000;\">Drei  Tage  vorher lief mir MY MOMS NEW BOYFRIEND \u00fcber die Pupillen. Auch kein   cineastischer Gl\u00fcckstreffer, in dem FBI-Agent Colin Hanks mit Hilfe   seiner Freundin Selma Blair versucht, Botox-K\u00f6nigin Meg Ryan als seine   Mutter vor Antonio Banderas zu besch\u00fctzen. Colin Hanks, Toms Kleiner,   der seine ersten Gehversuche machte, als ich SATURDAY NIGHT FEVER das   erste Mal im Kino sah.<\/span><\/p>\n<p><span style=\"color: #000000;\">Klein   Gertie? Herr im Himmel, als sie in die Filmwelt polterte, war gerade   Romy Schneider verstorben und mit RAMBO eine neue Legende geboren.   Pers\u00f6nlich betrauerte ich Grace Kelly und versuchte, eine Rezension \u00fcber   die Verfilmung von THE WALL zu verfassen. Es war 1982, ich f\u00fchlte mich   als ganzer Kerl und wurde von anderen daf\u00fcr bel\u00e4chelt. Nat\u00fcrlich  weinte  ich, als E.T. sich verabschiedete und mit seinem Raumschiff nach  Hause  flog. Wem ging das nicht so? Aber keinem wurde w\u00e4hrend der  Vorstellung  bewusst, dass Elliots kleine Schwester neben dem kleinen  Au\u00dferirdischen  die nachhaltigste Figur in Spielbergs Film bleiben  w\u00fcrde.<\/span><\/p>\n<p><span style=\"color: #000000;\">Vielleicht   ist das auch der Grund, warum Brittany Murphys pl\u00f6tzlicher Tod so viel   Aufmerksamkeit zuteil wird. Was jetzt durch Boulevardbl\u00e4tter und   Autopsien alles ans Tageslicht empor kriecht, \u00fcberrascht nicht wirklich.   Auch ihre chirurgischen Feinschliffe waren alles andere als   Geheimnisse. Sie wurde 32, und bis dato war es sogar noch   vergleichsweise ruhig um Miss Murphy. F\u00fcr Hollywood-Verh\u00e4ltnisse. Mit 14   startete die Karriere im Fernsehen, mit 18 f\u00e4llt sie als quirlige   Freundin in CLUELESS neben Alicia Silverstone auf. Und irgendwie nimmt   man es als selbstverst\u00e4ndlich, dass man so nebenher die ansteigende   Karriere einer aufstrebenden Schauspielerin erlebt.<\/span><\/p>\n<p><span style=\"color: #000000;\">Ob   PROPHECY II, GIRL INTERRUPTED oder DON\u2019T SAY A WORD. Ach, es war immer   die Kleine mit der etwas anderen Auswahl an Filmstoffen, aber die   Putzige eben. Und auf einmal hat sie Sex mit Eminem. Auf der Leinwand.   Und jeder, der sieben Euro zahlte, konnte sich das ansehen. Die   25-J\u00e4hrige war doch kein kleines M\u00e4dchen mehr.<\/span><\/p>\n<p><span style=\"color: #000000;\">Auf   Brittany Murphy nun den Abgesang des gro\u00dfen Verlusts anzustimmen w\u00e4re   an dieser Stelle weder angebracht, noch ist es das Thema. Wir sehen ihre   ersten Auftritte, wir verfolgen ihre Karrieren, wir begleiten ihre   Erfolge. Und nur selten nehmen wir es wahr, wie es ist: Wir werden mit   Menschen alt, deren erste wackeligen Schritte wir erleben durften und   die sich dabei zu stattlichen L\u00e4ufern entwickelt haben.<\/span><\/p>\n<p><span style=\"color: #000000;\">Die   filmversessene Generation in meinem Alter bedauert, nicht bei der   Premiere von CASABLANCA dabei gewesen zu sein, keine Chance gehabt zu   haben, Clark Gable die Hand zu sch\u00fctteln, mit der Dietrich einen Schnaps   zu trinken. Die bekannteste Adresse in Beverly Hills war seinerzeit  das  Haus von Jimmy Stewart. Mein Vater meinte in Bezug auf einen meiner   Aufenthalte in Los Angeles, ich solle an Stewarts Haust\u00fcre klingeln.<\/span><\/p>\n<p style=\"padding-left: 30px;\"><span style=\"color: #000000;\">\u201eIch kann nicht an James Stewarts Haust\u00fcr klingeln.\u201c<\/span><\/p>\n<p style=\"padding-left: 30px;\"><span style=\"color: #000000;\">\u201eNat\u00fcrlich kannst du das, ich w\u00fcrde das sofort tun.\u201c<\/span><\/p>\n<p style=\"padding-left: 30px;\"><span style=\"color: #000000;\">\u201eDas ist JAMES STEWART. Man klingelt nicht einfach an James Stewarts Haust\u00fcr.\u201c<\/span><\/p>\n<p style=\"padding-left: 30px;\"><span style=\"color: #000000;\">\u201eAber selbstverst\u00e4ndlich, ich hab jedes Recht dazu.\u201c<\/span><\/p>\n<p style=\"padding-left: 30px;\"><span style=\"color: #000000;\">\u201eNiemand hat das Recht, James Stewart einfach an der Haust\u00fcr zu bel\u00e4stigen.\u201c<\/span><\/p>\n<p style=\"padding-left: 30px;\"><span style=\"color: #000000;\">\u201eWir   sind zusammen alt geworden. Ich habe sehr viel Geld bezahlt, um ihn   immer sehen zu k\u00f6nnen. Er kennt mich nicht, aber ich kenne ihn lange   genug, um einfach mal bei ihm zu klingeln, ihm die Hand zu sch\u00fctteln und   zu sagen, dass ich ihn gerne sehe. Und dann gehe ich wieder.\u201c<\/span><\/p>\n<p><span style=\"color: #000000;\">Niemals   h\u00e4tte ich meinen Vater in Beverly Hills zur Adresse von James Stewart   gebracht. Niemals. Aber war sein Denken so falsch? Es ist durchaus   m\u00f6glich, dass ich in einem gewissen Alter die blinde Schw\u00e4rmerei f\u00fcr das   Kino abgelegt habe und bedachter damit umgehen werde. Vielleicht  m\u00f6chte  ich dann Drew Barrymores Hand sch\u00fctteln und ihr einfach nur  sagen, dass  ich ihre Biografie bewundert habe, die ich bis dahin auch  mal gelesen  haben werde. Diese Biografie, die sie mit 14 Jahren  geschrieben hat, um  \u00fcber ihre Alkoholabh\u00e4ngigkeit zu erz\u00e4hlen. Mit  vierzehn.<\/span><\/p>\n<p><span style=\"color: #000000;\">Oh,   Winona Ryder und ich sind zusammen aufgewachsen. Es gab eine Zeit, da   h\u00e4tte ich gerne ihre Hand gesch\u00fcttelt. Aber dann hat sie die Kleptomanie   f\u00fcr sich entdeckt und nun h\u00e4tte ich Angst, meine Hand nicht   wiederzubekommen. Ich bin mit dem Beginn und den H\u00f6hepunkten von Debra   Wingers Karriere aufgewachsen. Aber sie hat sich zur\u00fcckgezogen, weil   Frauen \u00fcber vierzig kaum noch eine Chance in Hollywood haben. Richard   Gere und Sly Stallone, wir waren dabei. Es ist aber nicht dasselbe.   Nein, ganz und gar nicht.<\/span><\/p>\n<p><span style=\"color: #000000;\">Wir  haben  die kleine Freundin von E.T. kennen und Charlie aus FIRESTARTER   f\u00fcrchten gelernt und jetzt versohlt Drew Barrymore als CHARLIES ANGEL   ordentlich M\u00e4nnerhintern. Jennifer Connelly hat uns als Vierzehnj\u00e4hrige   in ONCE UPON A TIME IN AMERICA \u00fcberzeugt und als unschuldige   Sechzehnj\u00e4hrige ins LABYRINTH mitgenommen. Siebzehn Jahre sp\u00e4ter, da   haut sie uns in HOUSE OF SAND AND FOG vollends aus den Sitzen.   Eigentlich war ORANGE COUNTY nur eine Teenager-Klamotte, und dann noch   mit Tom Hanks Ableger Colin. Aber gerade wegen Colin wurde es eine   Kom\u00f6die der anspruchsvolleren Sorte. Wo wird dieser Weg wohl hinf\u00fchren?   THE GREAT BUCK HOWARD wird kaum beachtet, ist aber ein Film, der Colin   in die richtige Richtung bringt, ernst genommen zu werden.<\/span><\/p>\n<p><span style=\"color: #000000;\">Von  der  \u00fcberragenden, aber kaum gesehenen elfj\u00e4hrigen Amanda in MANNY &amp;  LO  bis zur Rolle der Black Widow, die nicht nur in IRON MAN 2, sondern   auch gleich bei den AVENGERS zu sehen sein wird. Genau, man darf   Scarlett Johansson einfach nicht vergessen, deren Entwicklung vom   sch\u00fcchternen Kind zum m\u00e4nnermordenden Vamp erschreckend schnell ging.<\/span><\/p>\n<p><span style=\"color: #000000;\">Sicherlich   kann man Beispiel an Beispiel reihen, und man w\u00e4re erstaunt. Richtig   bewusst wird es einem leider immer erst dann, wenn wieder mal ein   Cocktail von verschreibungspflichtigen Medikamenten zu einer \u00dcberdosis   f\u00fchrt. Es muss nicht immer dramatisch werden, wenn man zum Beispiel \u00fcber   einen Film stolpert, wo das Objekt der Begierde mit unm\u00f6glicher Frisur   \u00fcber die Leinwand rennt. Man denkt, \u201ewie kann dich deine Mutter nur so   aus dem Haus lassen\u201c, und dann merkt man, dass man eine mittlerweile   zweimal geschiedene Frau vor sich hat. Hallo, schreit es, das ist alles   nur ein Film. Ja, nat\u00fcrlich, mit miesen Makeup-K\u00fcnstlern, so w\u00fcrde sie   nicht einmal von ihrem Freund E.T. wiedererkannt werden.<\/span><\/p>\n<p><span style=\"color: #000000;\">Sehr   gerne h\u00e4tte ich Jimmy Stewarts Hand gesch\u00fcttelt. Aber vielleicht habe   ich die M\u00f6glichkeit, einmal Colin Hanks die Hand zu sch\u00fctteln und zu   sagen, \u201enur wegen deinem Vater bin ich auf dich aufmerksam geworden. Was   habe ich f\u00fcr ein Gl\u00fcck\u201c. Wer wei\u00df. Ist das nicht das Spannende? Wer   erlebt schon die Geburt eines Sterns? Man muss vielleicht nur ein   bisschen die Augen aufhalten, sonst l\u00e4uft man Gefahr, sich verwundert   den Kopf zu reiben, \u201ewo kommt der denn pl\u00f6tzlich her?\u201c Oder der Stern   ist wieder erloschen, bevor wir hochgeblickt haben. Nichts vers\u00e4umt.<\/span><\/p>\n<p><span style=\"color: #000000;\">Aber  ist  das nicht spannend, wenn sie dort oben am Firmament bleiben, wenn  aus  niedlichen Kinderrollen verliebte Teenager werden? Wenn man sie   beobachten kann, wie sie sich zuerst zwischen Karriere und einem Mann   entscheiden m\u00fcssen, oder die B\u00f6sen dieser Welt verdreschen d\u00fcrfen, um   schlie\u00dflich die erste Mutter-Rolle zu \u00fcbernehmen. Und es dr\u00fcckt uns eine   Tr\u00e4ne aus dem Augenwinkel, bei ihrer Oscar-Dankesrede f\u00fcr die  tragische  Geschichte einer verkr\u00fcppelten Krebskranken. Ja, kann man  dann sagen,  ja, das habe ich schon vor 20 Jahren geahnt, als sie im  Remake von  LASSIE um den Hund weinte.<\/span><\/p>\n<div style=\"text-align: center;\">\n<dl id=\"attachment_732\">\n<dt><a rel=\"attachment wp-att-732\" href=\"https:\/\/www.alleyways.de\/abgeschminkt\/kino-menschen\/brittany-drew-2\/\"><img loading=\"lazy\" decoding=\"async\" title=\"Brittany-Drew-2\" src=\"https:\/\/www.alleyways.de\/abgeschminkt\/wp-content\/uploads\/Brittany-Drew-2.jpg\" alt=\"\" width=\"500\" height=\"352\" \/><\/a><\/dt>\n<dd>Beziehungen im Wandel der Zeit<\/dd>\n<\/dl>\n<\/div>\n<h5>Bildquelle: Amblin, Universal<\/h5>\n","protected":false},"excerpt":{"rendered":"<p>Der Vorteil des Bezahl-Fernsehens ist das Stolpern \u00fcber Filmperlen wie ER STEHT EINFACH NICHT AUF DICH. Das Auffallendste an dieser Beziehungskom\u00f6die war, dass drei der vier durchaus attraktiven Darstellerinnen die gleiche Frisur trugen. Fettig wirkende Spaghetti, die ungeliebt bis \u00fcber &hellip; <a href=\"https:\/\/www.alleyways.de\/abgeschminkt\/kino-essays\/brittany-murphy-drew-barrymore\/\">Weiterlesen <span class=\"meta-nav\">&rarr;<\/span><\/a><\/p>\n","protected":false},"author":1,"featured_media":0,"parent":1081,"menu_order":6,"comment_status":"open","ping_status":"closed","template":"","meta":{"footnotes":""},"class_list":["post-2188","page","type-page","status-publish","hentry"],"_links":{"self":[{"href":"https:\/\/www.alleyways.de\/abgeschminkt\/wp-json\/wp\/v2\/pages\/2188","targetHints":{"allow":["GET"]}}],"collection":[{"href":"https:\/\/www.alleyways.de\/abgeschminkt\/wp-json\/wp\/v2\/pages"}],"about":[{"href":"https:\/\/www.alleyways.de\/abgeschminkt\/wp-json\/wp\/v2\/types\/page"}],"author":[{"embeddable":true,"href":"https:\/\/www.alleyways.de\/abgeschminkt\/wp-json\/wp\/v2\/users\/1"}],"replies":[{"embeddable":true,"href":"https:\/\/www.alleyways.de\/abgeschminkt\/wp-json\/wp\/v2\/comments?post=2188"}],"version-history":[{"count":9,"href":"https:\/\/www.alleyways.de\/abgeschminkt\/wp-json\/wp\/v2\/pages\/2188\/revisions"}],"predecessor-version":[{"id":2206,"href":"https:\/\/www.alleyways.de\/abgeschminkt\/wp-json\/wp\/v2\/pages\/2188\/revisions\/2206"}],"up":[{"embeddable":true,"href":"https:\/\/www.alleyways.de\/abgeschminkt\/wp-json\/wp\/v2\/pages\/1081"}],"wp:attachment":[{"href":"https:\/\/www.alleyways.de\/abgeschminkt\/wp-json\/wp\/v2\/media?parent=2188"}],"curies":[{"name":"wp","href":"https:\/\/api.w.org\/{rel}","templated":true}]}}