{"id":552,"date":"2011-03-23T22:30:40","date_gmt":"2011-03-23T21:30:40","guid":{"rendered":"http:\/\/www.alleyways.de\/abgeschminkt\/?page_id=552"},"modified":"2012-11-06T19:30:42","modified_gmt":"2012-11-06T18:30:42","slug":"paul-newman","status":"publish","type":"page","link":"https:\/\/www.alleyways.de\/abgeschminkt\/kino-menschen\/paul-newman\/","title":{"rendered":"Paul Newman &#8211; Unbeugsam"},"content":{"rendered":"<h3 style=\"text-align: justify;\"><strong><span style=\"color: #000000;\"><a href=\"https:\/\/www.alleyways.de\/abgeschminkt\/kino-menschen\/paul-newman\/paul-01\/\" rel=\"attachment wp-att-744\"><img loading=\"lazy\" decoding=\"async\" class=\"alignleft size-full wp-image-744\" title=\"Paul-01\" src=\"https:\/\/www.alleyways.de\/abgeschminkt\/wp-content\/uploads\/Paul-01.jpg\" alt=\"\" width=\"167\" height=\"300\" \/><\/a>Der Unbeugsame<\/span><\/strong><\/h3>\n<p style=\"text-align: left;\"><span style=\"color: #000000;\">Als ich Paul Newman das erste Mal begegnete, konnte man dies als durchaus schockierendes Erlebnis bezeichnen. Obwohl er an der Seite von Robert Redford den schlimmen Finger gab, war er doch einer der zwei sympathischen Helden, Dreh- und Angelpunkt der ZWEI BANDITEN. Und der Film endet im Kugelhagel, dem sich die Helden aussichtslos entgegen stellten. So durfte kein Western enden. Die Zwei waren witzig, der Film war spannend und die Geschichte mit vielen \u00dcberraschungen erz\u00e4hlt.<\/span><\/p>\n<p style=\"text-align: left;\"><span style=\"color: #000000;\">Auch wenn das Endbild gefroren war, in dem Moment als der Kugelhagel begann, war f\u00fcr mich klar, das die Chancen auf \u00dcberleben doch gering sein mussten. Paul Newman hat es mir da nicht leicht gemacht. Umso schlimmer, als ich meine zweite, mir in Erinnerung gebliebene Begegnung mit ihm hatte.<\/span><\/p>\n<p style=\"text-align: left;\"><span style=\"color: #000000;\">Als noch Nicht-Teenager, aber flei\u00dfigem Kinog\u00e4nger waren Elizabeth Taylor und Paul Newman Begriffe die auch f\u00fcr mich schon unausl\u00f6schlich mit dem dunklen Saal verbunden waren. Und da steht diesen Idol und herrscht Maggie an, stark angetrunken und auf die Kr\u00fccke gest\u00fctzt, sie solle endlich von diesem hei\u00dfen Blechdach springen. Mir war unbegreiflich, das der Star, der \u201aHeld\u2018, eine bekannte Pers\u00f6nlichkeit als erstes auf dem Plakat stehen konnte und doch ein Alkoholiker sein durfte. Von da an lass ich alle St\u00fccke von Tennessee Williams und lernte die Rolle von Brick auswendig, weil es Paul Newman so faszinierend gespielt hatte.<\/span><\/p>\n<p style=\"text-align: left;\"><span style=\"color: #000000;\">Hollywood ist immer ein Kommen und Gehen gewesen. Mit fortschreitendem Alter kann man zur\u00fcck blicken und sagen, \u201each, schon seinen ersten Film hab\u2018 ich gesehen, was ist wohl aus ihm geworden?\u201c Aber am liebsten betrauert man Menschen, die einem so viel Freude bereitet haben, zum nachdenken anregten, oder wenn auch auf Distanz, einen ein Leben lang begleiteten. Bei Paul Newman hatte ich immer Angst. Keine wirklich rational erkl\u00e4rbare Angst. Aber es war immer dieses unheimliche Gef\u00fchl, welches mich \u00fcberfiel, wenn eine andere Pers\u00f6nlichkeit aus Hollywood ging. Mich \u00fcbermannte dann diese Angst einmal im Radio h\u00f6ren, oder im Fernseher zu sehen, das Newman nicht mehr war. Und sollte der Lauf der Dinge normal von statten gehen, so begr\u00fcndete sich diese Angst, dann m\u00fcsste ich dieses Erlebnis zwangsl\u00e4ufig irgendwann haben.<\/span><\/p>\n<p style=\"text-align: left;\"><span style=\"color: #000000;\"><a href=\"https:\/\/www.alleyways.de\/abgeschminkt\/kino-menschen\/paul-newman\/paul-03\/\" rel=\"attachment wp-att-746\"><img loading=\"lazy\" decoding=\"async\" class=\"aligncenter size-full wp-image-746\" title=\"Paul-03\" src=\"https:\/\/www.alleyways.de\/abgeschminkt\/wp-content\/uploads\/Paul-03.jpg\" alt=\"\" width=\"486\" height=\"201\" \/><\/a><br \/>\nEs gab nicht einen Film, in dem ich bemerkte, dass Paul Newman schauspielerte. Ich k\u00f6nnte aber auch nie wirklich behaupten, dass sein Spiel sehr fassettenreich war. Schlie\u00dflich war er mein Idol, da f\u00e4llt sehr viel Rationalit\u00e4t und Objektivit\u00e4t hinten herunter. Wann immer ich ihn sah, machte er mir einfach schlichte, kaum zu erkl\u00e4rende Freude. Und er war ein derart fester Bestandteil Hollywoods, das mir einfach nichts anderes \u00fcbrig blieb, als stets in Demut und tiefster Verbundenheit zu ihm aufzuwachsen. Diese klein wenig weltfremde Ergebenheit zog sich einfach mit ins Alter. Und so erkl\u00e4re ich mir selbst diese unglaubliche Angst die immer im Hinterkopf hatte.<\/span><\/p>\n<p style=\"text-align: left;\"><span style=\"color: #000000;\">Sicher, da gab es viele grandiose, filmische Meisterwerke, aber auch wundersame Peinlichkeiten. Tops und Flops. Letztlich lernte ich mich aber mit einem Mann anzufreunden, der mehr und bessere Geschichten jenseits der Kamera zu erz\u00e4hlen hatte. Halt, das ist nicht richtig, weil er selbst nie gerne erz\u00e4hlte. Doch als sein Kinodebut \u201aDer silberne Kelch \u2013 Silver Calice\u2018 im Fernsehen Erstausstrahlung hatte, lie\u00df er in einem Branchenblatt eine ganzseitige, aber doch augenzwinkernde Annonce schalten, das er sich f\u00fcr diesen Film entschuldigen wollte.<\/span><\/p>\n<p style=\"text-align: left;\"><span style=\"color: #000000;\"><a href=\"https:\/\/www.alleyways.de\/abgeschminkt\/kino-menschen\/paul-newman\/paul-02\/\" rel=\"attachment wp-att-747\"><img loading=\"lazy\" decoding=\"async\" class=\"alignleft size-full wp-image-747\" title=\"Paul-02\" src=\"https:\/\/www.alleyways.de\/abgeschminkt\/wp-content\/uploads\/Paul-02.jpg\" alt=\"\" width=\"250\" height=\"301\" \/><\/a>\u201aDer zerrissene Vorhang \u2013 Torn Curtain\u2018 hat er mit Alfred Hitchcock gedreht. Eine sehr ung\u00fcnstige Konstellation von zwei sehr unterschiedlichen Individuen. Dennoch blieb es nicht aus, das man bei einer Gala zu Ehren Hitchcocks auch Paul Newman lud, der auf Bier bestand, anstelle des dargebotenen, allgemein getrunkenen Weines. Zudem entledigte sich der Schauspieler seine Jacketts und h\u00e4ngte es auch noch nicht sehr standesgem\u00e4\u00df \u00fcber die Stuhllehne, noch bevor der erste Redner begonnen hatte.<\/span><\/p>\n<p style=\"text-align: left;\"><span style=\"color: #000000;\">Sieben mal war er f\u00fcr den Academy Award nominiert gewesen ohne zu gewinnen, bis die Academy das Drama nicht mehr mit ansehen konnte und ihm einen Ehrenoscar verlieh. Genau ein Jahr sp\u00e4ter gewann Paul Newman als bester Darsteller f\u00fcr \u201aFarbe des Geldes \u2013 Color of Money\u2018. Sieben mal war er zu den Verleihungen erschienen, um gegen andere den K\u00fcrzeren zu ziehen. Da machte er sich f\u00fcr seine \u201aColor of Money\u2018-Nominierung gar nicht mehr die M\u00fche. Robert Wise nahm in Newmans Namen den Preis entgegen.<\/span><\/p>\n<p style=\"text-align: left;\"><span style=\"color: #000000;\"><a href=\"https:\/\/www.alleyways.de\/abgeschminkt\/kino-menschen\/paul-newman\/paul-07\/\" rel=\"attachment wp-att-748\"><img loading=\"lazy\" decoding=\"async\" class=\"alignleft size-full wp-image-748\" title=\"Paul-07\" src=\"https:\/\/www.alleyways.de\/abgeschminkt\/wp-content\/uploads\/Paul-07.jpg\" alt=\"\" width=\"250\" height=\"202\" \/><\/a>Als seinen Mitstreiter in \u201aColor of Money\u2018 bestand Newman \u00fcbrigens auf diesen Jungen, \u201ader in Unterhose auf dem Sofa getanzt hatte\u2018. Die Szene aus \u201aRisky Business\u2018 war ihm im Ged\u00e4chtnis geblieben und sicherte so Tom Cruise die Rolle in der Fortsetzung von \u201aHaie der Gro\u00dfstadt \u2013 The Hustler\u2018. \u201aColor\u2018 und der gleichzeitig angelaufene \u201aTop Gun\u2018 zeichneten sich f\u00fcr die beispiellose Karriere von Cruise verantwortlich. F\u00fcr \u201aHustler\u2018 war Newman auch als bester Darsteller f\u00fcr den Academy Award nominiert gewesen.<\/span><\/p>\n<p style=\"text-align: left;\">\n<div id=\"attachment_749\" style=\"width: 159px\" class=\"wp-caption alignleft\"><a href=\"https:\/\/www.alleyways.de\/abgeschminkt\/kino-menschen\/paul-newman\/paul-06\/\" rel=\"attachment wp-att-749\"><img loading=\"lazy\" decoding=\"async\" aria-describedby=\"caption-attachment-749\" class=\"size-full wp-image-749\" title=\"Paul-06\" src=\"https:\/\/www.alleyways.de\/abgeschminkt\/wp-content\/uploads\/Paul-06.jpg\" alt=\"\" width=\"149\" height=\"300\" srcset=\"https:\/\/www.alleyways.de\/abgeschminkt\/wp-content\/uploads\/Paul-06.jpg 149w, https:\/\/www.alleyways.de\/abgeschminkt\/wp-content\/uploads\/Paul-06-99x200.jpg 99w\" sizes=\"auto, (max-width: 149px) 100vw, 149px\" \/><\/a><p id=\"caption-attachment-749\" class=\"wp-caption-text\">Eine der Newmans Own Salatsaucen<\/p><\/div>\n<p><span style=\"color: #000000;\">Durch seine Leidenschaft zum Kochen, brachte er Salatsaucen unter dem Label \u201aNewmans Own\u2018 nach wirklich eigenem Rezept auf den Markt, um diese f\u00fcr Wohlt\u00e4tige Zwecke zu verkaufen. Zu den Salatsaucen gesellte sich bald Nudelsaucen, Wein, bis hin zum Tierfutter. \u201aNewmans Own\u2018 unterst\u00fctzt dabei nicht nur mit dem Gewinn Bed\u00fcrftige, sondern bezieht seine Zutaten ausschlie\u00dflich aus heimischen, mittelst\u00e4ndigen Betrieben und aus \u00f6kologischem Anbau. Der Star bezeichnete diese vor 25 Jahren gegr\u00fcndete Firma als \u201aWitz der au\u00dfer Kontrolle geraten ist\u2018.<\/span><\/p>\n<p style=\"text-align: left;\"><span style=\"color: #000000;\">Ende der Sechziger gr\u00fcndete Paul mit streitbaren Freigeistern die Produktionsfirma First Artists. Barbra Streisand und Sidney Poitier geh\u00f6rten ebenso dazu, wie Steve McQueen. Im Privaten so etwas wie Freunde, gestaltete McQueen die Dreharbeiten f\u00fcr \u201aFlammendes Inferno \u2013 Towering Inferno\u2018 umso schwieriger. McQueen war unsicherer was seine Person anging, als er nach au\u00dfen hin den Eindruck machte. Zuerst wollte er nicht neben Newman spielen, weil der unbestritten der Star sein w\u00fcrde. Die Zusage erfolgte nur, wenn im Drehbuch f\u00fcr McQueen exakt die selbe Anzahl von Dialogzeilen stehen w\u00fcrde wie f\u00fcr Newman. W\u00e4hrend der Dreharbeiten konnte das Drehbuch nat\u00fcrlich noch umgeschrieben werden, Steve McQueen zog sich dann aber erst mal in seinen Trailer zur\u00fcck und verglich die nun neu geschriebenen Dialogzeilen.<\/span><\/p>\n<div id=\"attachment_755\" style=\"width: 510px\" class=\"wp-caption aligncenter\"><a href=\"https:\/\/www.alleyways.de\/abgeschminkt\/kino-menschen\/paul-newman\/paul-10\/\" rel=\"attachment wp-att-755\"><img loading=\"lazy\" decoding=\"async\" aria-describedby=\"caption-attachment-755\" class=\"size-full wp-image-755 \" title=\"Paul-10\" src=\"https:\/\/www.alleyways.de\/abgeschminkt\/wp-content\/uploads\/Paul-10.jpg\" alt=\"\" width=\"500\" height=\"355\" \/><\/a><p id=\"caption-attachment-755\" class=\"wp-caption-text\">First Artists &#8211; Steve McQueen, Paul Newman, Barbra Streisand, Sidney Poitier<\/p><\/div>\n<p style=\"text-align: left;\"><span style=\"color: #000000;\">Wie ich noch viel j\u00fcnger war, da kam mir Paul Newman als Privatmann sehr als typischer Hollywoodvertreter vor. Er war einmal geschieden und ebenso Joanne Woodward, die er sofort nach der Scheidung ehelichte. Aber das war f\u00fcnfzig Jahre her. Das wollte ich gar nicht so richtig wahrhaben. Wie kann man f\u00fcnfzig Jahre gl\u00fccklich miteinander verheiratet sein? Die Ehe Woodward \u2013 Newman war eine gesunde, ausgeglichene Ehe. Beide gaben sogar einmal enorm viel Geld f\u00fcr eine ganzseitige Anzeige in der Los Angeles Times aus, um Ger\u00fcchte um eine Trennung zu dementieren. Aus dem Regiestuhl heraus dirigierte er Joanne in \u201aRachel, Rachel\u2018 sogar zu einer Oscar Nominierung. Legend\u00e4r wurde sein Spruch \u201ewarum sollte ich mit einem Hamburger herumalbern, wenn ich das Steak zuhause habe\u201c.<\/span><\/p>\n<p style=\"text-align: left;\"><span style=\"color: #000000;\">Ins Guiness Book of Records schaffte es Newman als \u00e4ltester Fahrer, der jemals das Daytona Beach 24 Stunden Rennen gewonnen hat. Das war 1995. Bereits 1979 setzte er Ma\u00dfst\u00e4be als \u00e4ltester Teilnehmer bei den 24 Stunden von Les Mans. Die Leidenschaft f\u00fcr den Rennsport war die einzige Motivation den sehr m\u00e4\u00dfigen \u201aIndianapolis \u2013 Winning\u2018 zu drehen.<\/span><\/p>\n<p style=\"text-align: left;\"><span style=\"color: #000000;\"><a href=\"https:\/\/www.alleyways.de\/abgeschminkt\/kino-menschen\/paul-newman\/paul-08\/\" rel=\"attachment wp-att-751\"><img loading=\"lazy\" decoding=\"async\" class=\"alignleft size-full wp-image-751\" title=\"Paul-08\" src=\"https:\/\/www.alleyways.de\/abgeschminkt\/wp-content\/uploads\/Paul-08.jpg\" alt=\"\" width=\"250\" height=\"207\" \/><\/a>Newman und Redford gaben stets vor \u201aaller guten Dinge sind Drei\u2018 wahr werden zu lassen. Nach \u201aZwei Banditen \u2013 Butch Cassidy and the Sundance Kid\u2018 und \u201aDer Clou \u2013 The Sting\u2018 bekr\u00e4ftigten sie immer ihre Absicht, mindestens noch einen Film miteinander zu drehen. Der zweite Teil von \u201aEin unmoralisches Angebot \u2013 Indecent Proposal\u2018 w\u00e4re eine Gelegenheit gewesen, bei dem Paul Newman schon nur um des Spa\u00dfes Willen zugesagt hatte. Zum Gl\u00fcck lehnte Redford das Angebot f\u00fcr diesen Film ab. Doch bei jedem Sundance Filmfest stellte sich das Traumgespann der Presse mit ihrer Absichtserkl\u00e4rung noch immer nach dem richtigen Drehbuch zu suchen.<\/span><\/p>\n<p style=\"text-align: left;\"><span style=\"color: #000000;\">Und nun kamen die Nachrichten und dabei ginge es nur um den einen der Zwei Banditen. Den Ton habe ich nicht geh\u00f6rt, aber was bedeutet das schon wenn gegen Ende der Sendung das Bild einer bekannten Pers\u00f6nlichkeit eingeblendet wird. Sein\u00a0 Leben war witzig, spannend und voller \u00dcberraschungen. So durfte es eigentlich nicht enden. F\u00fcr mich fror erneut das Bild ein. Diese irrationale Angst verflog zu einer Ohnmacht. Das war eben der Augenblick, wo man kein Bild mehr sah, aber die Ger\u00e4uschkulisse den fortlauf der Geschichte erz\u00e4hlte. Denn um mich herum ging das Leben unbek\u00fcmmert weiter. Der nat\u00fcrliche Lauf der Dinge schob sich \u00fcber diesen Moment vor dem ich immer Angst hatte und mit dem ich gar nicht so richtig weis, wie ich damit umgehen soll. Jedenfalls bin ich sehr traurig.<\/span><\/p>\n<h5 style=\"text-align: justify;\"><span style=\"color: #000000;\"><a href=\"https:\/\/www.alleyways.de\/abgeschminkt\/kino-menschen\/paul-newman\/paul-09\/\" rel=\"attachment wp-att-752\"><img loading=\"lazy\" decoding=\"async\" class=\"aligncenter size-full wp-image-752\" title=\"Paul-09\" src=\"https:\/\/www.alleyways.de\/abgeschminkt\/wp-content\/uploads\/Paul-09.jpg\" alt=\"\" width=\"500\" height=\"292\" \/><\/a><\/span><\/h5>\n<h5 style=\"text-align: justify;\"><span style=\"color: #808080;\">Bildquellen: Rolling Stones, Time Magazine, Bettman, Wikipedia, Newmans Own, Barbratimeless, SimonSays, ABC-News<\/span><\/h5>\n<p>&nbsp;<\/p>\n","protected":false},"excerpt":{"rendered":"<p>Der Unbeugsame Als ich Paul Newman das erste Mal begegnete, konnte man dies als durchaus schockierendes Erlebnis bezeichnen. Obwohl er an der Seite von Robert Redford den schlimmen Finger gab, war er doch einer der zwei sympathischen Helden, Dreh- und &hellip; <a href=\"https:\/\/www.alleyways.de\/abgeschminkt\/kino-menschen\/paul-newman\/\">Weiterlesen <span class=\"meta-nav\">&rarr;<\/span><\/a><\/p>\n","protected":false},"author":1,"featured_media":0,"parent":536,"menu_order":2,"comment_status":"open","ping_status":"open","template":"","meta":{"footnotes":""},"class_list":["post-552","page","type-page","status-publish","hentry"],"_links":{"self":[{"href":"https:\/\/www.alleyways.de\/abgeschminkt\/wp-json\/wp\/v2\/pages\/552","targetHints":{"allow":["GET"]}}],"collection":[{"href":"https:\/\/www.alleyways.de\/abgeschminkt\/wp-json\/wp\/v2\/pages"}],"about":[{"href":"https:\/\/www.alleyways.de\/abgeschminkt\/wp-json\/wp\/v2\/types\/page"}],"author":[{"embeddable":true,"href":"https:\/\/www.alleyways.de\/abgeschminkt\/wp-json\/wp\/v2\/users\/1"}],"replies":[{"embeddable":true,"href":"https:\/\/www.alleyways.de\/abgeschminkt\/wp-json\/wp\/v2\/comments?post=552"}],"version-history":[{"count":13,"href":"https:\/\/www.alleyways.de\/abgeschminkt\/wp-json\/wp\/v2\/pages\/552\/revisions"}],"predecessor-version":[{"id":743,"href":"https:\/\/www.alleyways.de\/abgeschminkt\/wp-json\/wp\/v2\/pages\/552\/revisions\/743"}],"up":[{"embeddable":true,"href":"https:\/\/www.alleyways.de\/abgeschminkt\/wp-json\/wp\/v2\/pages\/536"}],"wp:attachment":[{"href":"https:\/\/www.alleyways.de\/abgeschminkt\/wp-json\/wp\/v2\/media?parent=552"}],"curies":[{"name":"wp","href":"https:\/\/api.w.org\/{rel}","templated":true}]}}