{"id":998,"date":"2011-06-05T11:06:13","date_gmt":"2011-06-05T10:06:13","guid":{"rendered":"http:\/\/www.alleyways.de\/abgeschminkt\/?page_id=998"},"modified":"2011-06-14T21:14:46","modified_gmt":"2011-06-14T20:14:46","slug":"colin-mckenzie","status":"publish","type":"page","link":"https:\/\/www.alleyways.de\/abgeschminkt\/kino-menschen\/colin-mckenzie\/","title":{"rendered":"Colin McKenzie &#8211; Pionier"},"content":{"rendered":"<p><strong><span style=\"color: #000000;\"> <\/span><\/strong><\/p>\n<p><strong> <\/strong><\/p>\n<p><strong><\/p>\n<div id=\"attachment_1002\" style=\"width: 164px\" class=\"wp-caption alignleft\"><a rel=\"attachment wp-att-1002\" href=\"https:\/\/www.alleyways.de\/abgeschminkt\/kino-menschen\/colin-mckenzie\/colin-mckenzie-1-2\/\"><img loading=\"lazy\" decoding=\"async\" aria-describedby=\"caption-attachment-1002\" class=\"size-full wp-image-1002\" title=\"Colin-McKenzie-1\" src=\"https:\/\/www.alleyways.de\/abgeschminkt\/wp-content\/uploads\/Colin-McKenzie-11.jpg\" alt=\"\" width=\"154\" height=\"200\" \/><\/a><p id=\"caption-attachment-1002\" class=\"wp-caption-text\">Colin, mit Bruder Brooke (sitzend)<\/p><\/div>\n<p><\/strong><\/p>\n<p><strong> <\/strong><\/p>\n<p><strong>Der vergessene Filmpionier<\/strong><\/p>\n<p><span style=\"color: #000000;\">1995 feierte das biblische Epos SALOME seine Leinwandpremiere, 60 Jahre nach Beendigung der Dreharbeiten. Mit Finanzhilfen der New Zealand Film Commission war es m\u00f6glich gewesen das sechzig Jahre alte, unsachgem\u00e4\u00df gelagerte Filmmaterial zu sichten, restaurieren und zu schneiden.<\/span><\/p>\n<p><span style=\"color: #000000;\">Herausgekommen ist ein vierst\u00fcndiges Meisterwerk, das den Ruf des Filmpioniers Colin McKenzie nicht nur festigt, sondern ihn in Expertenkreisen sogar \u00fcber die Leistungen von D.W. Griffith und Sergei Eisenstein stellt. Aber in Zeiten von digitalen Filmprojektionen und 5.1 Raumklang verpuffen die Anstrengungen eines McKenzie sehr schnell. Technische Meisterleistungen relativieren sich \u00fcber die Jahrzehnte. Und so ist Colin McKenzie im allgemeinen Bewusstsein der Filmindustrie nur eine Fu\u00dfnote. Lediglich Historiker und fanatische Filmliebhaber werden sich seiner stets vom Ungl\u00fcck verfolgten Leistungen erinnern.<\/span><\/p>\n<p><span style=\"color: #000000;\">Colin McKenzie war 1888 in Geraldine, Neuseeland geboren. Sehr fr\u00fch schon entdeckt der Junge seine Leidenschaft f\u00fcr mechanische Konstruktionen, was dadurch gef\u00f6rdert wurde, das sein Onkel einen Fahrradladen in Geraldine besa\u00df. Als die Erfindung des Kinematographen auch in Geraldine bekannter wurde, war Colin so fasziniert von der Technik, dass er sich von diesem Augenblick an mit all seiner Leidenschaft dem Kino verschrieb.<\/span><\/p>\n<p><span style=\"color: #000000;\">Das Medium Kino war gerade mal 5 Jahre alt, da konnte man nicht im n\u00e4chsten Laden eine Kamera kaufen. Colin McKenzie bastelte sich seine Eigene. Und er fand auch eine L\u00f6sung f\u00fcr einen mechanischen Antrieb, indem er seine Kamera auf ein Fahrrad montierte und \u00fcber Kettenantrieb das Kamerasystem ausl\u00f6ste. Datiertes Filmmaterial zeigt McKenzies Versuche mit dieser Erfindung und gleichzeitig die erste, wenn auch unbeabsichtigte Kamerafahrt der Geschichte. Das war 1901, lange Jahre bevor Griffith die Kamera erstmals in Bewegung versetzte.<\/span><\/p>\n<p><span style=\"color: #000000;\">1927 gilt im Volksmund als das Jahr in dem der Tonfilm mit Jazz Singer Einzug hielt. Bereits fantastische 19 Jahre vorher, gelang es dem Erfindungseifer von Colin McKenzie, Bild- und Tonaufnahmen zu synchronisieren. Das Ergebnis war der Ein-Akter WARRRIOR SEASON von 1908. Doch das Dilemma dieses Dialog starken Kung Fu Filmes waren eben das Gesprochene. McKenzie hatte den Film mit chinesischen Gastarbeitern gedreht, die allesamt nur chinesisch sprachen. Das Publikum war durchaus fasziniert, verliess den Film aber nach nur ein paar Minuten, weil niemand verstand, was die Darsteller von sich gaben und worum es im Film ging. Die wahre Geburt des Tonfilmes wurde wie bei Kaspar Hauser, einfach weggesteckt.<\/span><\/p>\n<p><span style=\"color: #000000;\">Colin McKenzie und sein Bruder Brooke waren finanziell ruiniert, weil der Tonfilm sich nicht durchgesetzt hatte. Aber Colin gab nicht auf und experimentierte mit Chemie, weil er sich in den Kopf gesetzt hatte, dass Kinobilder wenigstens But sein m\u00fcssten. Mit einer speziellen chemischen Mixtur gelangen 1912 hervorragende, naturgetreue Farbaufnahmen. Der Weg dorthin war allerdings beschwerlich, weil Teil der Mixtur ein Pflanzenextrakt war, von einer Beere, die nur auf Tahiti w\u00e4chst. Colin und Brooke waren unverz\u00fcglich dorthin aufgebrochen, ihren Farbfilm hergestellt und direkt vor Ort die Probeaufnahmen gemacht. Die Aufnahme zeigt eine herrliche Landschaft mit einigen weiblichen Statisten. Der Film war \u00fcberzeugend und die M\u00e4dchen, standesgem\u00e4\u00df nackt.<\/span><\/p>\n<p><span style=\"color: #000000;\">Anstatt zu ruhmvollen Ehren ob ihrer fantastischen Erfindung, wurden die Br\u00fcder zu 6 Monaten Haft verurteilt, wegen des anst\u00f6\u00dfigen Vorf\u00fchrmaterials mit entbl\u00f6\u00dften Damen. Die Zeit schien eben noch nicht reif f\u00fcr den Farbfilm. Doch alle ihn in den Weg geworfenen Hindernisse bringen Colin McKenzie nicht von seiner Leidenschaft ab. W\u00e4hrend seiner Haft wandelt sich Colins Interesse von der technischen Seite, hin zu den k\u00fcnstlerischen Aspekten. Er gibt bekannt, die biblische Geschichte Salome zu verfilmen. Wobei er sich in seine Hauptdarstellerin Maybell verliebt, ohne ihr diese Liebe zu gestehen.<\/span><\/p>\n<p><span style=\"color: #000000;\"> <\/span><\/p>\n<div id=\"attachment_1004\" style=\"width: 410px\" class=\"wp-caption alignright\"><a rel=\"attachment wp-att-1004\" href=\"https:\/\/www.alleyways.de\/abgeschminkt\/kino-menschen\/colin-mckenzie\/colin-mckenzie-3\/\"><img loading=\"lazy\" decoding=\"async\" aria-describedby=\"caption-attachment-1004\" class=\"size-full wp-image-1004\" title=\"Colin-McKenzie-3\" src=\"https:\/\/www.alleyways.de\/abgeschminkt\/wp-content\/uploads\/Colin-McKenzie-3.jpg\" alt=\"\" width=\"400\" height=\"268\" srcset=\"https:\/\/www.alleyways.de\/abgeschminkt\/wp-content\/uploads\/Colin-McKenzie-3.jpg 400w, https:\/\/www.alleyways.de\/abgeschminkt\/wp-content\/uploads\/Colin-McKenzie-3-200x134.jpg 200w, https:\/\/www.alleyways.de\/abgeschminkt\/wp-content\/uploads\/Colin-McKenzie-3-300x201.jpg 300w\" sizes=\"auto, (max-width: 400px) 100vw, 400px\" \/><\/a><p id=\"caption-attachment-1004\" class=\"wp-caption-text\">Szene aus SALOME<\/p><\/div>\n<p><span style=\"color: #000000;\">Colin dreht mit riesigem Aufwand an SALOME, w\u00e4hrend sich sein Bruder ebenfalls in Maybell verliebt und diese beiden ein Paar werden, was Colin wohl geschmerzt hat, er aber hinnahm. Nach nur f\u00fcnf Drehtagen verlassen alle Schauspieler den Drehort, weil kein Geld mehr da ist und Colin sie nicht bezahlen kann. Das Versagen mit den Finanzen, sowie das Ergebnis der verschm\u00e4hten\u00a0 Liebe stacheln Colin McKenzie nur noch mehr an. Salome soll Colins Lebenswerk werden.<\/span><\/p>\n<p><span style=\"color: #000000;\">Ohne eine Spur zu hinterlassen, verschwindet der Filmemacher 1915, um erst drei Jahre sp\u00e4ter wieder in der \u00d6ffentlichkeit zu erscheinen. Wortgewaltig verk\u00fcndet er, das Salome als sein Lebenswerk, vier Stunden lang werden soll und den gr\u00f6\u00dften Aufwand mit sich bringen soll, den jemals ein Film ben\u00f6tigt hat. Das gesamte Filmteam und Tausende von Statisten ziehen in den Dschungel Neuseelands, wo der inzwischen fanatisch gewordene McKenzie wohl die letzten drei Jahre verbracht hatte. Dem Filmmaterial nach zu urteilen, muss dort in dieser Zeit eine gewaltige Filmkulisse errichtet worden sein, die alles, was man bisher im Kinematographen gesehen hat, in den Schatten stellte.<\/span><\/p>\n<p><span style=\"color: #000000;\"> <\/span><\/p>\n<div id=\"attachment_1003\" style=\"width: 410px\" class=\"wp-caption alignright\"><a rel=\"attachment wp-att-1003\" href=\"https:\/\/www.alleyways.de\/abgeschminkt\/kino-menschen\/colin-mckenzie\/colin-mckenzie-2\/\"><img loading=\"lazy\" decoding=\"async\" aria-describedby=\"caption-attachment-1003\" class=\"size-full wp-image-1003\" title=\"Colin-McKenzie-2\" src=\"https:\/\/www.alleyways.de\/abgeschminkt\/wp-content\/uploads\/Colin-McKenzie-2.jpg\" alt=\"\" width=\"400\" height=\"243\" srcset=\"https:\/\/www.alleyways.de\/abgeschminkt\/wp-content\/uploads\/Colin-McKenzie-2.jpg 400w, https:\/\/www.alleyways.de\/abgeschminkt\/wp-content\/uploads\/Colin-McKenzie-2-200x121.jpg 200w, https:\/\/www.alleyways.de\/abgeschminkt\/wp-content\/uploads\/Colin-McKenzie-2-300x182.jpg 300w\" sizes=\"auto, (max-width: 400px) 100vw, 400px\" \/><\/a><p id=\"caption-attachment-1003\" class=\"wp-caption-text\">Colin mit (links) Stan -The Man- Wilson<\/p><\/div>\n<p><span style=\"color: #000000;\">Der erneute Beginn der Aufnahmen f\u00e4llt in eine Regenzeit, die sechs Wochen anh\u00e4lt und in der nur drei Minuten Material gedreht werden k\u00f6nnen. Colin muss Geldgeber finden und wird mit Stan Wilson belohnt. Wilson und Colin entwickeln eine Filmserie, die der Vorl\u00e4ufer zur Versteckten Kamera ist. In verschiedenen St\u00e4dten\u00a0 geht Stan \u2013 The Man mit Sahnetorten\u00a0 herum und schleudert diese unbedarften Passanten ins Gesicht. Colin filmt alles mit einer selbst entwickelten Koffer-Kamera. Die extrem unwitzigen Filme werden in den jeweiligen St\u00e4dten vorgef\u00fchrt, und bringen leidlich Geld ein. Kurios wird es in der Stadt Buller, wo Stan \u2013 The Man ausgerechnet dem Premierminister von Neuseeland, welchen er nicht erkannte, die Torte ins Gesicht wirft. Die anwesenden Sicherheitsleute pr\u00fcgeln daraufhin mit Schlagst\u00f6cken Stan Wilson zusammen und Colin h\u00e4lt mit der Kofferkamera drauf. Was in selber Situation und \u00e4hnlicher Kameraperspektive Jahrzehnte sp\u00e4ter bei Rodney King Krawalle in Los Angeles ausl\u00f6st, wird f\u00fcr Colin McKenzie zum Kassenschlager. Der gemeine Neuseel\u00e4nder will sehen wie der sonst so unlustige Stan Wilson zusammen geschlagen wird. Colin McKenzie verdient soviel Geld, um die Dreharbeiten an Salome wieder aufzunehmen.<\/span><\/p>\n<p><span style=\"color: #000000;\">Doch nach dem Regen kommt der hei\u00dfeste Sommer seit drei\u00dfig Jahren nach Neuseeland. Die Schauspieler, die unendlich vielen Statisten und die Crew sind am Ende ihrer Kr\u00e4fte und k\u00f6nnen nicht weiter arbeiten. Salome wird gestoppt.<\/span><\/p>\n<p><span style=\"color: #000000;\">Rex Salomon aus Hollywood, der mit seiner Firma Majestic Lion Pictures nur Bibelfilme dreht, m\u00f6chte Salome weiter finanzieren. Inzwischen haben sich Hauptdarstellerin Maybell und Colin gefunden, verliebt und 1926 sogar geheiratet. Das Gl\u00fcck schien f\u00fcr McKenzie zu sprechen. Mit 15,000 Statisten und hunderttausenden von Dollar, mehr als jeder andere Hollywoodfilm bisher gekostet hat, geht Colin McKenzie zur\u00fcck in den Dschungel zu der gigantischen Jerusalem-Kulisse. Der Regisseur legt soviel Enthusiasmus in seine Arbeit, der in unvorstellbaren Aufwand gipfelt. Rex Salomons gigantische Finanzierung ist in nur einem einzigen Tag aufgebraucht. Die Darsteller gehen wieder nachhause.<\/span><\/p>\n<p><span style=\"color: #000000;\">1930 erkennt Josef Stalin die Propaganda M\u00f6glichkeiten der Filmindustrie und nimmt mit Colin McKenzie Kontakt auf. Stalin m\u00f6chte Salome fertigstellen, unter der Bedingung, dass alle Bez\u00fcge auf Religion und die Bibel aus dem Drehbuch gestrichen werden. Zeitgleich hat die kriminelle Vereinigung der Palermo-Brothers die Gesch\u00e4fte des durch Salome ruinierten Rex Salomon \u00fcbernommen. Die Palermo-Brothers forderten nun ihr St\u00fcck vom Kuchen Salome.<\/span><\/p>\n<p><span style=\"color: #000000;\"> <\/span><\/p>\n<div id=\"attachment_1005\" style=\"width: 410px\" class=\"wp-caption alignright\"><a rel=\"attachment wp-att-1005\" href=\"https:\/\/www.alleyways.de\/abgeschminkt\/kino-menschen\/colin-mckenzie\/colin-mckenzie-4\/\"><img loading=\"lazy\" decoding=\"async\" aria-describedby=\"caption-attachment-1005\" class=\"size-full wp-image-1005\" title=\"Colin-McKenzie-4\" src=\"https:\/\/www.alleyways.de\/abgeschminkt\/wp-content\/uploads\/Colin-McKenzie-4.jpg\" alt=\"\" width=\"400\" height=\"267\" srcset=\"https:\/\/www.alleyways.de\/abgeschminkt\/wp-content\/uploads\/Colin-McKenzie-4.jpg 400w, https:\/\/www.alleyways.de\/abgeschminkt\/wp-content\/uploads\/Colin-McKenzie-4-200x133.jpg 200w, https:\/\/www.alleyways.de\/abgeschminkt\/wp-content\/uploads\/Colin-McKenzie-4-300x200.jpg 300w\" sizes=\"auto, (max-width: 400px) 100vw, 400px\" \/><\/a><p id=\"caption-attachment-1005\" class=\"wp-caption-text\">Der Perfektionist beim Sichten<\/p><\/div>\n<p><span style=\"color: #000000;\">Wie letztlich der Plan von Colin McKenzie aussah, den Palermo-Brothers eines auszuwischen und auch Josef Stalins Forderungen zu umgehen, konnte nie erforscht werden. Doch wie verr\u00fcckt wurde im Dschungel gedreht, an dem Ort, von dem niemand wusste, wo er wirklich lag. Manisch peitschte Colin McKenzie das Team von Filmrolle zu Filmrolle, ohne Pausen, ohne freie Tage. Die Situation am Drehorte begann in Form von totaler k\u00f6rperlicher Ersch\u00f6pfung bei der gesamten Crew zu eskalieren. Bis nur noch eine einzige Einstellung zu drehen war, das Ziel eigentlich schon erreicht. Colin McKenzies geliebte Maybell bricht vor der letzten Einstellung zusammen \u2013 und stirbt.<\/span><\/p>\n<p><span style=\"color: #000000;\">F\u00fcr den Perfektionisten Colin McKenzie blieb Salome unvollendet. Unbemerkt verschwindet er 1931 mit unbekanntem Ziel aus Neuseeland. Das Filmmaterial von Salome war nicht auffindbar und galt als vernichtet. Erst Jahrzehnte sp\u00e4ter entdeckt man bei der Auswertung von filmischem Nachrichtenmaterial, das Colin im spanischen B\u00fcrgerkrieg als Reporter unterwegs war. In einer Sequenz ist zu sehen, wie ein Soldat verwundet wird, die Kamera scheinbar auf den Boden gelegt wird und Colin dem verwundeten Soldaten helfen will. Dann f\u00e4llt eine zweite Salve von Gewehrfeuer, der auch der begnadete Filmpionier und geistreiche Erfinder Colin McKenzie zum Opfer f\u00e4llt.<\/span><\/p>\n<h5><a rel=\"attachment wp-att-1006\" href=\"https:\/\/www.alleyways.de\/abgeschminkt\/kino-menschen\/colin-mckenzie\/colin-mckenzie-5\/\"><img loading=\"lazy\" decoding=\"async\" class=\"alignleft size-full wp-image-1006\" title=\"Colin-McKenzie-5\" src=\"https:\/\/www.alleyways.de\/abgeschminkt\/wp-content\/uploads\/Colin-McKenzie-5.jpg\" alt=\"\" width=\"200\" height=\"159\" \/><\/a><em>Eine Expedition von Filmexperten machte sich 1995 auf die Suche nach dem geheimen Standort der legend\u00e4ren Jerusalem-Kulisse und wurde f\u00fcndig. Die Kulisse pr\u00e4sentierte sich dabei als um ein wesentliches gr\u00f6\u00dfer als man nach alten Fotos gewagt hatte zu vermuten. In einem unterirdischen Lagerraum f\u00fcr Requisiten fand man in einem Sarkophag hunderte von Filmdosen mit dem Material von Salome.<\/em><\/h5>\n<h5><strong><em>Der Artikel entstand mit freundlicher Unterst\u00fctzung von Costa Botes und Peter Jackson &#8211; Bildquelle: Forgotten Silver<br \/>\n<\/em><\/strong><\/h5>\n","protected":false},"excerpt":{"rendered":"<p>Der vergessene Filmpionier 1995 feierte das biblische Epos SALOME seine Leinwandpremiere, 60 Jahre nach Beendigung der Dreharbeiten. Mit Finanzhilfen der New Zealand Film Commission war es m\u00f6glich gewesen das sechzig Jahre alte, unsachgem\u00e4\u00df gelagerte Filmmaterial zu sichten, restaurieren und zu &hellip; <a href=\"https:\/\/www.alleyways.de\/abgeschminkt\/kino-menschen\/colin-mckenzie\/\">Weiterlesen <span class=\"meta-nav\">&rarr;<\/span><\/a><\/p>\n","protected":false},"author":1,"featured_media":0,"parent":536,"menu_order":3,"comment_status":"open","ping_status":"open","template":"","meta":{"footnotes":""},"class_list":["post-998","page","type-page","status-publish","hentry"],"_links":{"self":[{"href":"https:\/\/www.alleyways.de\/abgeschminkt\/wp-json\/wp\/v2\/pages\/998","targetHints":{"allow":["GET"]}}],"collection":[{"href":"https:\/\/www.alleyways.de\/abgeschminkt\/wp-json\/wp\/v2\/pages"}],"about":[{"href":"https:\/\/www.alleyways.de\/abgeschminkt\/wp-json\/wp\/v2\/types\/page"}],"author":[{"embeddable":true,"href":"https:\/\/www.alleyways.de\/abgeschminkt\/wp-json\/wp\/v2\/users\/1"}],"replies":[{"embeddable":true,"href":"https:\/\/www.alleyways.de\/abgeschminkt\/wp-json\/wp\/v2\/comments?post=998"}],"version-history":[{"count":8,"href":"https:\/\/www.alleyways.de\/abgeschminkt\/wp-json\/wp\/v2\/pages\/998\/revisions"}],"predecessor-version":[{"id":1156,"href":"https:\/\/www.alleyways.de\/abgeschminkt\/wp-json\/wp\/v2\/pages\/998\/revisions\/1156"}],"up":[{"embeddable":true,"href":"https:\/\/www.alleyways.de\/abgeschminkt\/wp-json\/wp\/v2\/pages\/536"}],"wp:attachment":[{"href":"https:\/\/www.alleyways.de\/abgeschminkt\/wp-json\/wp\/v2\/media?parent=998"}],"curies":[{"name":"wp","href":"https:\/\/api.w.org\/{rel}","templated":true}]}}